{"id":1437,"date":"2021-05-30T18:26:45","date_gmt":"2021-05-30T18:26:45","guid":{"rendered":"https:\/\/500intal.trade\/o-strankach\/"},"modified":"2024-11-13T12:52:49","modified_gmt":"2024-11-13T12:52:49","slug":"o-strankach","status":"publish","type":"page","link":"https:\/\/500intal.trade\/cs\/o-strankach\/","title":{"rendered":"O"},"content":{"rendered":"<?xml encoding=\"UTF-8\"><div class=\"gb-container gb-container-bbc00baa\"><div class=\"gb-inside-container\">\n\n<h1 class=\"gb-headline gb-headline-d9dff7c5 gb-headline-text\"><mark style=\"background-color:rgba(0, 0, 0, 0)\" class=\"has-inline-color has-accent-color\"><strong>KW_00001 &ndash; Provozov&aacute;no na KW_00002 | O n&aacute;s<\/strong><\/mark><\/h1>\n\n<\/div><\/div><div class=\"gb-container gb-container-fdbd6300\"><div class=\"gb-inside-container\">\n<div class=\"gb-grid-wrapper gb-grid-wrapper-126af6dc\">\n<div class=\"gb-grid-column gb-grid-column-c1544595\"><div class=\"gb-container gb-container-c1544595\"><div class=\"gb-inside-container\">\n\n<h2 class=\"gb-headline gb-headline-a14ed650 gb-headline-text\">Zjist&#283;te v&iacute;ce o <mark class=\"gb-highlight\">KW_00001<\/mark> , kdo jsme a co d&#283;l&aacute;me<\/h2>\n\n\n\n<p class=\"has-white-color has-text-color\">KW_00002 je t&yacute;m zku&scaron;en&yacute;ch finan&#269;n&iacute;ch market&eacute;r&#367; z r&#367;zn&yacute;ch kout&#367; sv&#283;ta, kte&#345;&iacute; jsou zde, aby v&aacute;m pomohli porozum&#283;t v&iacute;ce o obchodov&aacute;n&iacute; s kryptom&#283;nami a dal&scaron;&iacute;mi aktivy. Ide&aacute;ln&iacute; pro za&#269;&iacute;naj&iacute;c&iacute;ho obchodn&iacute;ka nebo nejzku&scaron;en&#283;j&scaron;&iacute;ho obchodn&iacute;ka, spoj&iacute;me v&aacute;s s renomovan&yacute;mi brokery po cel&eacute;m sv&#283;t&#283;, abychom v&aacute;m pomohli s va&scaron;&iacute; obchodn&iacute; cestou.<\/p>\n\n<\/div><\/div><\/div>\n\n<div class=\"gb-grid-column gb-grid-column-47af95e9\"><div class=\"gb-container gb-container-47af95e9\"><div class=\"gb-inside-container\">\n\n<h2 class=\"gb-headline gb-headline-3fe6145e gb-headline-text\">P&#345;e&#269;t&#283;te si o na&scaron;&iacute; platform&#283; &ndash; bezplatn&aacute; registrace<\/h2>\n\n\n<?xml encoding=\"UTF-8\"><script>\n        localStorage.setItem('fxbot_ab_testing', '{\"login\":[],\"registration\":[],\"contactus\":[]}');\n    <\/script><style>\n        .reCAPTCHAContent {\n            display: none;\n            visibility: hidden;\n        }\n    <\/style><script>\n    localStorage.setItem('fxbot_api_parameters', '[{\"key\":\"emailmarketing\",\"value\":\"1\",\"override\":true},{\"key\":\"funnel\",\"value\":\"KW_F_00001\",\"override\":true}]');\n    localStorage.setItem('fxbot_alias_url', 'wp-content\/plugins\/fxbot-registration-form\/api.php');\n    localStorage.setItem('fxbot_email_marketing', '1');\n    localStorage.setItem('fxbot_email_marketing_debounce', 'true');\n    localStorage.setItem('fxbot_email_marketing_debounce_time', '1000');\n    localStorage.setItem('fxbot_recaptcha_enabled', 'false');\n    localStorage.setItem('fxbot_recaptcha_site_key', 'EMPTY');\n    localStorage.setItem('fxbot_alt_reg_popup_query_selector', '');\n    localStorage.setItem('fxbot_redirectVariant', '0');\n<\/script><div class=\"form-widget\" id=\"optInFormWrapper\">\n    <form action=\"\" class=\"flex flex-column\" data-form=\"optInForm\" data-urlsearchparams=\"\" data-widget=\"registration_2_step\" id=\"opt-form\" method=\"post\" name=\"optInForm\">\n        <div class=\"elementor-field-type-text elementor-field-group elementor-column elementor-field-group-name elementor-col-100 form-group\">\n            <label for=\"form-first_name\" class=\"elementor-field-label elementor-screen-only\">Jm&eacute;no<\/label>\n            <input class=\"elementor-field elementor-size-sm  elementor-field-textual regFormFirstName\" placeholder=\"Jm&eacute;no\" data-input=\"firstname\" data-valid=\"false\" id=\"form-first_name\" name=\"firstname\" size=\"1\" type=\"text\">\n            <p class=\"error-message\"><\/p>\n        <\/div>\n\n        <div class=\"elementor-field-type-text elementor-field-group elementor-column elementor-field-group-name elementor-col-100 form-group\">\n            <label for=\"form-last_name\" class=\"elementor-field-label elementor-screen-only\">P&#345;&iacute;jmen&iacute;<\/label>\n            <input class=\"elementor-field elementor-size-sm elementor-field-textual regFormLastNname\" placeholder=\"P&#345;&iacute;jmen&iacute;\" data-input=\"lastname\" data-valid=\"false\" id=\"form-last_name\" name=\"lastname\" size=\"1\" type=\"text\">\n            <p class=\"error-message\"><\/p>\n        <\/div>\n\n        <div class=\"form-group elementor-field-type-text elementor-field-group elementor-column elementor-field-group-name elementor-col-100\">\n            <label class=\"elementor-field-label elementor-screen-only\" for=\"form-email\">E-mailem<\/label>\n            <input class=\"regFormEmail elementor-field elementor-size-sm elementor-field-textual\" placeholder=\"E-mailem\" data-input=\"email\" data-valid=\"false\" id=\"form-email\" name=\"email\" type=\"email\">\n            <p class=\"error-message\"><\/p>\n            <div class=\"form-group__emailValid-info\">\n                <span class=\"form-group__emailValid-message\"><span>M&#283;li jste na mysli<\/span> <b><\/b>?<\/span> <span class=\"form-group__emailValid-btn\">Nahradit<\/span>            <\/div>\n        <\/div>\n\n        <p class=\"reCAPTCHAContent\">\n            Tento web je chr&aacute;n&#283;n reCAPTCHA a plat&iacute; <a href=\"https:\/\/policies.google.com\/privacy\/cs\/\" target=\"_blank\" rel=\"noopener\">Z&aacute;sady ochrany osobn&iacute;ch &uacute;daj&#367; Google<\/a> a <a href=\"https:\/\/policies.google.com\/terms\/cs\/\" target=\"_blank\" rel=\"noopener\">Podm&iacute;nky slu&#382;by<\/a>.        <\/p>\n\n        <button class=\"zoom regFormButton elementor-button elementor-size-sm\" data-button=\"submit\" id=\"optInForm-btn\">\n            Dal&scaron;&iacute; informace        <\/button>\n    <\/form>\n<\/div><div class=\"form-widget\" id=\"regFormWrapper\" style=\"visibility: hidden; width: 0; height:0\">\n    <form action=\"\" class=\"flex flex-column\" data-form=\"registrationForm\" data-urlsearchparams=\"\" data-widget=\"registration_2_step\" id=\"reg-form\" method=\"post\" name=\"registrationForm\">\n        <div class=\"elementor-field-type-text elementor-field-group elementor-column elementor-field-group-name elementor-col-100 form-group\">\n            <label for=\"form-first_name\" class=\"elementor-field-label elementor-screen-only\">Jm&eacute;no<\/label>\n            <input class=\"elementor-field elementor-size-sm  elementor-field-textual regFormFirstName\" placeholder=\"Jm&eacute;no\" data-input=\"firstname\" data-valid=\"false\" id=\"form-first_name\" name=\"firstname\" size=\"1\" type=\"text\">\n            <p class=\"error-message\"><\/p>\n        <\/div>\n\n        <div class=\"elementor-field-type-text elementor-field-group elementor-column elementor-field-group-name elementor-col-100 form-group\">\n            <label for=\"form-last_name\" class=\"elementor-field-label elementor-screen-only\">P&#345;&iacute;jmen&iacute;<\/label>\n            <input class=\"elementor-field elementor-size-sm elementor-field-textual regFormLastNname\" placeholder=\"P&#345;&iacute;jmen&iacute;\" data-input=\"lastname\" data-valid=\"false\" id=\"form-last_name\" name=\"lastname\" size=\"1\" type=\"text\">\n            <p class=\"error-message\"><\/p>\n        <\/div>\n\n        <div class=\"elementor-field-type-text elementor-field-group elementor-column elementor-field-group-name elementor-col-100 form-group form-group__emailValid\">\n            <label class=\"elementor-field-label elementor-screen-only\" for=\"form-email\">E-mailem<\/label>\n            <input class=\"elementor-field elementor-size-sm elementor-field-textual regFormEmail\" placeholder=\"E-mailem\" data-input=\"email\" data-valid=\"false\" id=\"form-email\" name=\"email\" type=\"email\">\n            <p class=\"error-message\"><\/p>\n            <p class=\"form-group__emailValid-info\">\n                <span class=\"form-group__emailValid-message\"><span>M&#283;li jste na mysli<\/span> <b><\/b>?<\/span> <span class=\"form-group__emailValid-btn\">Nahradit<\/span>            <\/p>\n        <\/div>\n\n        <div class=\"elementor-field-type-tel elementor-field-group elementor-column elementor-field-group-field_fad38fc elementor-col-100 form-group reg-phone\">\n            <label class=\"elementor-field-label elementor-screen-only\" for=\"form-phone_number\">Telefonn&iacute; &#269;&iacute;slo<\/label>\n            <input class=\"elementor-field elementor-size-sm elementor-field-textual regFormPhoneNumber\" placeholder=\"Telefonn&iacute; &#269;&iacute;slo\" autocompvare=\"off\" data-input=\"phone_number\" data-valid=\"false\" id=\"form-phone_number\" name=\"phone_number\" size=\"1\" type=\"text\">\n            <p class=\"error-message\"><\/p>\n        <\/div>\n\n        <p class=\"reCAPTCHAContent\">\n            Tento web je chr&aacute;n&#283;n reCAPTCHA a plat&iacute; <a href=\"https:\/\/policies.google.com\/privacy\/cs\/\" target=\"_blank\" rel=\"noopener\">Z&aacute;sady ochrany osobn&iacute;ch &uacute;daj&#367; Google<\/a> a <a href=\"https:\/\/policies.google.com\/terms\/cs\/\" target=\"_blank\" rel=\"noopener\">Podm&iacute;nky slu&#382;by<\/a>.        <\/p>\n\n        <button class=\"elementor-button zoom regFormButton\" data-button=\"submit\" id=\"form-btn\" type=\"button\">\n            Dal&scaron;&iacute; informace        <\/button>\n\n        <div class=\"wrapper__rar-no\" data-modal=\"success\" style=\"display: none\">\n            <div class=\"success\">\n                <img decoding=\"async\" src=\"\/wp-content\/plugins\/fxbot-registration-form\/assets\/images\/regSuccess.png\" alt=\"D&#283;kujeme za registraci\" title=\"\">\n                <p>D&#283;kujeme za registraci.<br> N&aacute;&scaron; agent v&aacute;s brzy kontaktuje.<br> Ujist&#283;te se, &#382;e jste pou&#382;ili skute&#269;n&eacute; telefonn&iacute; &#269;&iacute;slo.<br> D&iacute;ky.<\/p>\n            <\/div>\n        <\/div>\n\n        <div class=\"wrapper__rar-no\" data-modal=\"alternative_success\" style=\"display: none\">\n            <div class=\"success\">\n                <p class=\"reg_title\">\n                    <b>&Uacute;sp&#283;&scaron;n&#283; jste se p&#345;ipojili.<\/b>\n                <\/p>\n                <p>Z&aacute;stupce spole&#269;nosti v&aacute;s brzy kontaktuje. Ujist&#283;te se, &#382;e jste k dispozici telefonicky, abyste nezme&scaron;kali hovor.<\/p>\n            <\/div>\n        <\/div>\n\n        <div class=\"wrapper__error\" data-modal=\"error\" style=\"display: none\"><\/div>\n    <\/form>\n<\/div><div class=\"submit-overlay\" style=\"display: none;\">\n    <div class=\"lds-spinner\">\n        <div><\/div>\n        <div><\/div>\n        <div><\/div>\n        <div><\/div>\n        <div><\/div>\n        <div><\/div>\n        <div><\/div>\n        <div><\/div>\n    <\/div>\n    <p class=\"overlay-text\">Spoj&iacute;me v&aacute;s s nejlep&scaron;&iacute;m makl&eacute;&#345;em ve va&scaron;&iacute; oblasti<\/p>\n<\/div>\n\n\n<\/div><\/div><\/div>\n<\/div>\n<\/div><div class=\"gb-shapes\"><div class=\"gb-shape gb-shape-1\"><svg xmlns=\"http:\/\/www.w3.org\/2000\/svg\" viewbox=\"0 0 1200 230.8\" preserveaspectratio=\"none\"><path d=\"M1200 179.5l-22.2-26.7c-22.2-26.7-66.9-80-111.1-75.6-44.4 4.8-89.2 66.4-133.3 102.2-44.4 35.8-89.2 44.2-133.3 8.9-44.4-35.6-89.2-115.6-133.3-155.6-44.4-40-89.2-40-133.3-17.8C488.9 37 444.2 82 400 81.7c-44.4.2-89.2-44.8-133.3-57.8-44.4-13.6-89.2 4.8-133.3 26.7-44.5 22.2-89.2 48.9-110.9 62.2L0 126.1v104.7H1199.7l.3-51.3z\"><\/path><\/svg><\/div><\/div><\/div><div class=\"gb-container gb-container-91b231bf\"><div class=\"gb-inside-container\">\n<div class=\"gb-grid-wrapper gb-grid-wrapper-409ddfb8\">\n<div class=\"gb-grid-column gb-grid-column-a955004c\"><div class=\"gb-container gb-container-a955004c\"><div class=\"gb-inside-container\">\n\n<h2 class=\"gb-headline gb-headline-a163fdff gb-headline-text\">KW_00001 &ndash; Zjist&#283;te v&iacute;ce o n&aacute;s<\/h2>\n\n\n\n<p>Ne&#382; v&aacute;s spoj&iacute;me se spr&aacute;vn&yacute;m makl&eacute;&#345;em pro va&scaron;e obchodn&iacute; pot&#345;eby, provedeme d&#367;kladn&yacute; pr&#367;zkum pozad&iacute; ka&#382;d&eacute;ho jednotliv&eacute;ho makl&eacute;&#345;sk&eacute;ho partnera. Je pro n&aacute;s d&#367;le&#382;it&eacute;, abyste m&#283;li co nejpozitivn&#283;j&scaron;&iacute; zku&scaron;enosti, i kdy&#382; v&#382;dy doporu&#269;ujeme, abyste p&#345;ed zah&aacute;jen&iacute;m obchodov&aacute;n&iacute; provedli vlastn&iacute; due diligence.<\/p>\n\n\n\n<p>KW_00002 za&#269;&iacute;nal jako mal&yacute; start-up s velk&yacute;mi sny a jsme hrd&iacute; na to, &#382;e dnes jsme d&#367;v&#283;ryhodnou zna&#269;kou, kter&aacute; je obl&iacute;ben&aacute; u investor&#367; a makl&eacute;&#345;&#367; &ndash; v celosv&#283;tov&eacute;m m&#283;&#345;&iacute;tku. Jezd&iacute;me na m&iacute;sta a douf&aacute;me, &#382;e n&aacute;s vezmeme s sebou.<\/p>\n\n<\/div><\/div><\/div>\n\n<div class=\"gb-grid-column gb-grid-column-31111a3b\"><div class=\"gb-container gb-container-31111a3b\"><div class=\"gb-inside-container\">\n\n<h2 class=\"gb-headline gb-headline-42ddb2c0\"><span class=\"gb-icon\"><svg xmlns=\"http:\/\/www.w3.org\/2000\/svg\" viewbox=\"0 0 384 512\"><path d=\"M384 112v352c0 26.51-21.49 48-48 48H48c-26.51 0-48-21.49-48-48V112c0-26.51 21.49-48 48-48h80c0-35.29 28.71-64 64-64s64 28.71 64 64h80c26.51 0 48 21.49 48 48zM192 40c-13.255 0-24 10.745-24 24s10.745 24 24 24 24-10.745 24-24-10.745-24-24-24m96 114v-20a6 6 0 00-6-6H102a6 6 0 00-6 6v20a6 6 0 006 6h180a6 6 0 006-6z\"><\/path><\/svg><\/span><span class=\"gb-headline-text\">Na&scaron;e hodnoty<\/span><\/h2>\n\n\n\n<ul class=\"wp-block-list\">\n<li>S na&scaron;imi informacemi jsme transparentn&iacute;.<\/li>\n\n\n\n<li>Na&scaron;&iacute;m c&iacute;lem je r&#367;st a pom&aacute;hat r&#367;st i v&aacute;m t&iacute;m, &#382;e v&aacute;s spoj&iacute;me se spr&aacute;vn&yacute;mi makl&eacute;&#345;i.<\/li>\n\n\n\n<li>Jsme d&#367;v&#283;ryhodn&iacute;, va&scaron;e informace jsou u n&aacute;s v bezpe&#269;&iacute;.<\/li>\n\n\n\n<li>Podporujeme v&aacute;s a poskytujeme z&aacute;kaznick&yacute; servis, kdy&#382; to pot&#345;ebujete.<\/li>\n\n\n\n<li>Jsme kreativn&iacute; a v&#382;dy hled&aacute;me lep&scaron;&iacute; zp&#367;soby, jak v&aacute;m pomoci &uacute;sp&#283;&scaron;n&#283; obchodovat.<\/li>\n\n\n\n<li>V&#382;dy prov&aacute;d&iacute;me n&aacute;&scaron; pr&#367;zkum, abychom v&aacute;m pomohli s rozhodov&aacute;n&iacute;m.<\/li>\n\n\n\n<li>V&#283;&#345;&iacute;me v t&yacute;movou spolupr&aacute;ci.<\/li>\n\n\n\n<li>Jsme odhodl&aacute;ni usp&#283;t jako zna&#269;ka.<\/li>\n<\/ul>\n\n\n\n<p>V&scaron;echny na&scaron;e hodnoty spojen&eacute; dohromady n&aacute;m pom&aacute;haj&iacute; dos&aacute;hnout velk&yacute;ch v&#283;c&iacute;!  <\/p>\n\n<\/div><\/div><\/div>\n<\/div>\n<\/div><\/div><div class=\"gb-container gb-container-6d56b4aa\"><div class=\"gb-inside-container\">\n<div class=\"gb-grid-wrapper gb-grid-wrapper-0e6b8a9d\">\n<div class=\"gb-grid-column gb-grid-column-7b023911\"><div class=\"gb-container gb-container-7b023911\"><div class=\"gb-inside-container\">\n<div class=\"gb-button-wrapper gb-button-wrapper-2c0cc74a\">\n\n<a class=\"gb-button gb-button-1b1e3728 gb-button-text\" href=\"https:\/\/500intal.trade\/cs\/\">Otev&#345;ete sv&#367;j &uacute;&#269;et KW_00001<\/a>\n\n<\/div>\n<\/div><\/div><\/div>\n<\/div>\n<\/div><\/div><div class=\"gb-container gb-container-6fff7a21\"><div class=\"gb-inside-container\">\n\n<h2 class=\"gb-headline gb-headline-61fa186c gb-headline-text\">V&iacute;ce o tom, co KW_00001 d&#283;l&aacute;<\/h2>\n\n\n\n<p>Ofici&aacute;ln&iacute; web KW_00002 a KW_00003 neust&aacute;le kontroluje a hodnot&iacute; finan&#269;n&iacute; trhy v celosv&#283;tov&eacute;m m&#283;&#345;&iacute;tku. Ne&uacute;navn&#283; pracujeme 24 hodin denn&#283;, abychom pro v&aacute;s odhalili ty nejlep&scaron;&iacute; mo&#382;n&eacute; obchodn&iacute; partnery. Krom&#283; toho zkoum&aacute;me a objevujeme renomovan&eacute; slu&#382;by, abychom pomohli obchodn&iacute;k&#367;m na v&scaron;ech &uacute;rovn&iacute;ch naj&iacute;t ty spr&aacute;vn&eacute; brokery. Specializujeme se na digit&aacute;ln&iacute; aktiva a krypto trhy a p&#367;sob&iacute;me jako marketingov&yacute; n&aacute;stroj, kter&yacute; p&#345;edstavuje jednotliv&eacute; obchodn&iacute;ky na&scaron;im spolehliv&yacute;m makl&eacute;&#345;&#367;m. Jakmile se k n&aacute;m p&#345;ipoj&iacute;te, nech&aacute;me v&aacute;s ov&#283;&#345;it a pot&eacute; v&aacute;s p&#345;evedeme k jednomu z na&scaron;ich partnersk&yacute;ch broker&#367;, kter&yacute; odpov&iacute;d&aacute; va&scaron;im obchodn&iacute;m pot&#345;eb&aacute;m.<\/p>\n\n\n\n<h2 class=\"gb-headline gb-headline-aef44a82 gb-headline-text\">Jak spojujeme investory s makl&eacute;&#345;i<\/h2>\n\n\n\n<p>Krom&#283; na&scaron;eho vlastn&iacute;ho individu&aacute;ln&iacute;ho v&yacute;zkumu vyu&#382;&iacute;v&aacute; KW_00003 extr&eacute;mn&#283; pokro&#269;il&eacute;, kompetentn&iacute; algoritmy pro sp&aacute;rov&aacute;n&iacute; s finan&#269;n&iacute;mi poskytovateli a\/nebo makl&eacute;&#345;i. Je tak&eacute; dobr&eacute; v&#283;d&#283;t, &#382;e mnoho na&scaron;ich makl&eacute;&#345;sk&yacute;ch partner&#367; poskytuje pokro&#269;il&eacute; obchodn&iacute; n&aacute;stroje, jako jsou automatick&eacute; n&aacute;stroje, kter&eacute; v&aacute;m pomohou, spolu s vynikaj&iacute;c&iacute; z&aacute;kaznickou podporou. V&#283;&#345;&iacute;me, &#382;e na&scaron;i z&aacute;kazn&iacute;ci jsou na prvn&iacute;m m&iacute;st&#283;, a chceme, abyste si odnesli pozitivn&iacute; zku&scaron;enost.<\/p>\n\n\n\n<h2 class=\"gb-headline gb-headline-4626ec4e gb-headline-text\">S&iacute;la technologie<\/h2>\n\n\n\n<p>Technologie otev&#345;ela p&#345;&iacute;le&#382;itosti pro tolik sektor&#367;, zejm&eacute;na finan&#269;n&iacute; pr&#367;mysl. KW_00003 m&aacute; extr&eacute;mn&#283; rozs&aacute;hlou datab&aacute;zi spolehliv&yacute;ch, d&#367;v&#283;ryhodn&yacute;ch a renomovan&yacute;ch makl&eacute;&#345;&#367; z cel&eacute;ho sv&#283;ta, kter&aacute; n&aacute;m pom&aacute;h&aacute; p&#345;izp&#367;sobit perfektn&iacute; shodu pot&#345;eb&aacute;m na&scaron;ich individu&aacute;ln&iacute;ch investor&#367;.<\/p>\n\n\n\n<p>Nejen to, digit&aacute;ln&iacute; sv&#283;t umo&#382;nil ka&#382;d&eacute;mu bez ohledu na m&iacute;sto, vzd&#283;l&aacute;n&iacute;, v&#283;k, pohlav&iacute; a dal&scaron;&iacute; p&#345;&iacute;stup k finan&#269;n&iacute;m slu&#382;b&aacute;m, a to stejn&#283; d&iacute;ky digit&aacute;ln&iacute;m aktiv&#367;m. Ka&#382;d&yacute;, kdo si p&#345;eje vlastnit nebo obchodovat s digit&aacute;ln&iacute;mi aktivy, jako je kryptom&#283;na, tak m&#367;&#382;e u&#269;init, dokonce i ti, kte&#345;&iacute; nemaj&iacute; bankovn&iacute; &uacute;&#269;et. Nav&iacute;c d&iacute;ky digit&aacute;ln&iacute;m aktiv&#367;m jsou p&#345;eshrani&#269;n&iacute; platby mnohem jednodu&scaron;&scaron;&iacute; a rychlej&scaron;&iacute;.<\/p>\n\n\n\n<p>Spolupracujeme pouze s nejlep&scaron;&iacute;mi makl&eacute;&#345;i a v&scaron;ichni na&scaron;i makl&eacute;&#345;i poskytuj&iacute; na&scaron;im obchodn&iacute;k&#367;m p&#345;&iacute;stup k pokro&#269;il&yacute;m n&aacute;stroj&#367;m, &uacute;daj&#367;m o finan&#269;n&iacute;m trhu a dal&scaron;&iacute;m aktiv&#367;m, kter&eacute; jim pomohou dos&aacute;hnout jejich finan&#269;n&iacute;ch sn&#367;. U&#382;ijte si kop&iacute;rov&aacute;n&iacute;, demo &uacute;&#269;ty a bitcoinov&eacute; roboty &ndash; pro obchodn&iacute;ky je to skute&#269;n&#283; vzru&scaron;uj&iacute;c&iacute; sv&#283;t!<\/p>\n\n\n\n<p>Je toho tak&eacute; v&iacute;c, vyu&#382;ijte vynikaj&iacute;c&iacute; u&#382;ivatelsk&eacute; zku&scaron;enosti a z&iacute;skejte p&#345;&iacute;stup k celosv&#283;tov&eacute; komunit&#283; lid&iacute;, jako jste vy. Jedin&eacute;, co mus&iacute;te ud&#283;lat, je zaregistrovat se zde, aktivovat sv&#367;j &uacute;&#269;et a pot&eacute; m&#367;&#382;ete za&#269;&iacute;t svou obchodn&iacute; cestu investov&aacute;n&iacute;m do jak&eacute;hokoli digit&aacute;ln&iacute;ho aktiva, kter&eacute; chcete!<\/p>\n\n<\/div><\/div><div class=\"gb-container gb-container-809650d2\"><div class=\"gb-inside-container\">\n<div class=\"gb-grid-wrapper gb-grid-wrapper-68c1a88e\">\n<div class=\"gb-grid-column gb-grid-column-f08ce331\"><div class=\"gb-container gb-container-f08ce331\"><div class=\"gb-inside-container\">\n<div class=\"gb-button-wrapper gb-button-wrapper-34e3190a\">\n\n<a class=\"gb-button gb-button-1faa415c gb-button-text\" href=\"https:\/\/500intal.trade\/cs\/\">Zde si otev&#345;ete sv&#367;j &uacute;&#269;et<\/a>\n\n<\/div>\n<\/div><\/div><\/div>\n<\/div>\n<\/div><\/div><div class=\"gb-container gb-container-b15b1f9c\"><div class=\"gb-inside-container\">\n\n<h2 class=\"gb-headline gb-headline-f659e5fc gb-headline-text\">Mise KW_00001<\/h2>\n\n\n<div class=\"gb-grid-wrapper gb-grid-wrapper-d263db5e\">\n<div class=\"gb-grid-column gb-grid-column-4e61aba8\"><div class=\"gb-container gb-container-4e61aba8\"><div class=\"gb-inside-container\">\n\n<figure class=\"gb-block-image gb-block-image-05fe9b88\"><img loading=\"lazy\" decoding=\"async\" width=\"509\" height=\"896\" class=\"gb-image gb-image-05fe9b88\" src=\"https:\/\/500intal.trade\/wp-content\/uploads\/2023\/02\/2-phones-500intal.webp\" alt=\"2 telefony\" srcset=\"https:\/\/500intal.trade\/wp-content\/uploads\/2023\/02\/2-phones-500intal.webp 509w, https:\/\/500intal.trade\/wp-content\/uploads\/2023\/02\/2-phones-500intal-170x300.webp 170w\" sizes=\"auto, (max-width: 509px) 100vw, 509px\" title=\"\"><\/figure>\n\n<\/div><\/div><\/div>\n\n<div class=\"gb-grid-column gb-grid-column-0481af46\"><div class=\"gb-container gb-container-0481af46\"><div class=\"gb-inside-container\">\n\n<ul class=\"wp-block-list\">\n<li>Na&scaron;&iacute;m posl&aacute;n&iacute;m je zm&#283;na sou&#269;asn&eacute;ho finan&#269;n&iacute;ho &#345;&aacute;du. Chceme b&yacute;t ned&iacute;lnou sou&#269;&aacute;st&iacute; p&#345;i zastaven&iacute; nespravedlnosti, ukon&#269;it kontroly &uacute;v&#283;r&#367;, zabr&aacute;nit vyd&#283;ra&#269;sk&yacute;m poplatk&#367;m, odstranit ned&#367;v&#283;ryhodn&eacute; prost&#345;edn&iacute;ky a odstranit byrokracii.<\/li>\n\n\n\n<li>V&#283;&#345;&iacute;me v sektor DeFi, technologii blockchain a kryptom&#283;ny &ndash; to v&scaron;e se stalo neoceniteln&yacute;m, zvl&aacute;&scaron;t&#283; dnes, kdy&#382; je zdravotn&iacute; krize a mimo&#345;&aacute;dn&yacute; ekonomick&yacute; tlak.<\/li>\n\n\n\n<li>Chceme, aby v&iacute;ce lid&iacute; vyu&#382;ilo s&iacute;lu sv&#283;ta digit&aacute;ln&iacute;ch aktiv, a to poskytov&aacute;n&iacute;m p&#345;&iacute;stupu k nov&yacute;m slu&#382;b&aacute;m, softwaru, podpo&#345;e, vzd&#283;l&aacute;v&aacute;n&iacute; a tr&#382;n&iacute;m dat&#367;m, co&#382; d&#283;l&aacute;me prost&#345;ednictv&iacute;m na&scaron;ich d&#367;v&#283;ryhodn&yacute;ch partner&#367;.<\/li>\n\n\n\n<li>I kdy&#382; je obchodov&aacute;n&iacute; riskantn&iacute;, v&iacute;me, &#382;e pro ostr&eacute; investory existuje spousta pozoruhodn&yacute;ch p&#345;&iacute;le&#382;itost&iacute;, a to nap&#345;&iacute;&#269; v&scaron;emi kryptom&#283;nami, nejen bitcoiny. Je faktem, &#382;e dogecoin se za posledn&iacute;ch deset let rychle zvedl a stal se jedn&iacute;m z nejlep&scaron;&iacute;ch digit&aacute;ln&iacute;ch aktiv, p&#345;i&#269;em&#382; od roku 2020 do roku 2021 vzrostl o neuv&#283;&#345;iteln&yacute;ch 1 600 %.<\/li>\n\n\n\n<li>Na&scaron;&iacute;m c&iacute;lem je, abyste si u&#382;ili budoucnost financ&iacute;. Digit&aacute;ln&iacute; m&#283;na je budoucnost &ndash; jste p&#345;ipraveni vyu&#382;&iacute;t v&yacute;kon KW_00003 ?<\/li>\n<\/ul>\n\n<\/div><\/div><\/div>\n<\/div>\n<\/div><\/div><div class=\"gb-container gb-container-9eafba4e\"><div class=\"gb-inside-container\">\n<div class=\"gb-grid-wrapper gb-grid-wrapper-1b2e273a\">\n<div class=\"gb-grid-column gb-grid-column-59bfed3f\"><div class=\"gb-container gb-container-59bfed3f\"><div class=\"gb-inside-container\">\n<div class=\"gb-button-wrapper gb-button-wrapper-78c1cb96\">\n\n<a class=\"gb-button gb-button-36e6c3f2 gb-button-text\" href=\"https:\/\/500intal.trade\/cs\/\">Zde si otev&#345;ete sv&#367;j &uacute;&#269;et<\/a>\n\n<\/div>\n<\/div><\/div><\/div>\n<\/div>\n<\/div><\/div>\n","protected":false},"excerpt":{"rendered":"<p>KW_00001 &ndash; Provozov&aacute;no na KW_00002 | O n&aacute;s V&iacute;ce o tom, co KW_00001 d&#283;l&aacute; Ofici&aacute;ln&iacute; web KW_00002 a KW_00003 neust&aacute;le kontroluje a hodnot&iacute; finan&#269;n&iacute; trhy v celosv&#283;tov&eacute;m m&#283;&#345;&iacute;tku. Ne&uacute;navn&#283; pracujeme 24 hodin denn&#283;, abychom pro v&aacute;s odhalili ty nejlep&scaron;&iacute; mo&#382;n&eacute; obchodn&iacute; partnery. Krom&#283; toho zkoum&aacute;me a objevujeme renomovan&eacute; slu&#382;by, abychom pomohli obchodn&iacute;k&#367;m na v&scaron;ech &uacute;rovn&iacute;ch &#8230; <a title=\"O\" class=\"read-more\" href=\"https:\/\/500intal.trade\/cs\/o-strankach\/\" aria-label=\"\u010c\u00edst v\u00edce o O\">Read more<\/a><\/p>\n","protected":false},"author":1,"featured_media":0,"parent":0,"menu_order":0,"comment_status":"closed","ping_status":"closed","template":"","meta":{"footnotes":""},"class_list":["post-1437","page","type-page","status-publish"],"_links":{"self":[{"href":"https:\/\/500intal.trade\/cs\/wp-json\/wp\/v2\/pages\/1437","targetHints":{"allow":["GET"]}}],"collection":[{"href":"https:\/\/500intal.trade\/cs\/wp-json\/wp\/v2\/pages"}],"about":[{"href":"https:\/\/500intal.trade\/cs\/wp-json\/wp\/v2\/types\/page"}],"author":[{"embeddable":true,"href":"https:\/\/500intal.trade\/cs\/wp-json\/wp\/v2\/users\/1"}],"replies":[{"embeddable":true,"href":"https:\/\/500intal.trade\/cs\/wp-json\/wp\/v2\/comments?post=1437"}],"version-history":[{"count":0,"href":"https:\/\/500intal.trade\/cs\/wp-json\/wp\/v2\/pages\/1437\/revisions"}],"wp:attachment":[{"href":"https:\/\/500intal.trade\/cs\/wp-json\/wp\/v2\/media?parent=1437"}],"curies":[{"name":"wp","href":"https:\/\/api.w.org\/{rel}","templated":true}]}}