{"id":1640,"date":"2023-02-28T00:21:34","date_gmt":"2023-02-28T00:21:34","guid":{"rendered":"https:\/\/500intal.trade\/prihlaseni\/"},"modified":"2024-11-03T14:39:40","modified_gmt":"2024-11-03T14:39:40","slug":"prihlaseni","status":"publish","type":"page","link":"https:\/\/500intal.trade\/cs\/prihlaseni\/","title":{"rendered":"P\u0159ihl\u00e1sit se"},"content":{"rendered":"<?xml encoding=\"UTF-8\"><div class=\"gb-container gb-container-bbc00baa\"><div class=\"gb-inside-container\">\n\n<h1 class=\"gb-headline gb-headline-d9dff7c5 gb-headline-text\"><mark style=\"background-color:rgba(0, 0, 0, 0)\" class=\"has-inline-color has-accent-color\"><strong>P&#345;ihl&aacute;&scaron;en&iacute; a registrace &ndash; KW_00001 a nejnov&#283;j&scaron;&iacute; verze KW_00002<\/strong><\/mark><\/h1>\n\n<\/div><\/div><div class=\"gb-container gb-container-dd1b946c\"><div class=\"gb-inside-container\">\n<div class=\"gb-grid-wrapper gb-grid-wrapper-069654cb\">\n<div class=\"gb-grid-column gb-grid-column-fca24606\"><div class=\"gb-container gb-container-fca24606\">\n\n<h2 class=\"gb-headline gb-headline-d9ff4fd2 gb-headline-text\">V&iacute;tejte zp&#283;t v KW_00001 , jsme velmi r&aacute;di, &#382;e v&aacute;s znovu uvid&iacute;me &#128578;<\/h2>\n\n\n\n<p>Pro zachov&aacute;n&iacute; bezpe&#269;n&eacute;ho p&#345;&iacute;stupu k va&scaron;emu &uacute;&#269;tu v&aacute;s laskav&#283; &#382;&aacute;d&aacute;me, abyste potvrdili &uacute;daje o sv&eacute;m &uacute;&#269;tu vypln&#283;n&iacute;m n&iacute;&#382;e uveden&eacute;ho formul&aacute;&#345;e. Pokud je to va&scaron;e prvn&iacute; p&#345;ihl&aacute;&scaron;en&iacute;, m&#367;&#382;ete obdr&#382;et hovor od jednoho z na&scaron;ich podp&#367;rn&yacute;ch makl&eacute;&#345;&#367;, abyste zajistili &uacute;sp&#283;&scaron;nou aktivaci a synchronizaci mezi na&scaron;&iacute; aplikac&iacute; a va&scaron;&iacute;m &uacute;&#269;tem makl&eacute;&#345;e pro prov&aacute;d&#283;n&iacute; obchod&#367;.  <\/p>\n\n\n\n<p><strong>Je to super-snadn&eacute; &ndash; je to KW_00001 !<\/strong>  Jednodu&scaron;e diverzifikujte sv&eacute; portfolio jednoduch&yacute;m kliknut&iacute;m na tla&#269;&iacute;tko!<\/p>\n\n<\/div><\/div>\n\n<div class=\"gb-grid-column gb-grid-column-31fc79f4\"><div class=\"gb-container gb-container-31fc79f4\">\n\n<h2 class=\"gb-headline gb-headline-ec7e47bd gb-headline-text\">Zaregistrujte se zdarma nebo se p&#345;ihlaste ke sv&eacute;mu &uacute;&#269;tu KW_00001<\/h2>\n\n\n<?xml encoding=\"UTF-8\"><script>\n        localStorage.setItem('fxbot_ab_testing', '{\"login\":[],\"registration\":[],\"contactus\":[]}');\n    <\/script><style>\n        .reCAPTCHAContent {\n            display: none;\n            visibility: hidden;\n        }\n    <\/style><script>\n    localStorage.setItem('fxbot_api_parameters', '[{\"key\":\"emailmarketing\",\"value\":\"1\",\"override\":true},{\"key\":\"funnel\",\"value\":\"KW_F_00001\",\"override\":true}]');\n    localStorage.setItem('fxbot_alias_url', 'wp-content\/plugins\/fxbot-registration-form\/api.php');\n    localStorage.setItem('fxbot_email_marketing', '1');\n    localStorage.setItem('fxbot_email_marketing_debounce', 'true');\n    localStorage.setItem('fxbot_email_marketing_debounce_time', '1000');\n    localStorage.setItem('fxbot_recaptcha_enabled', 'false');\n    localStorage.setItem('fxbot_recaptcha_site_key', 'EMPTY');\n    localStorage.setItem('fxbot_alt_reg_popup_query_selector', '');\n    localStorage.setItem('fxbot_redirectVariant', '0');\n<\/script><div class=\"form-widget\" id=\"optInFormWrapper\">\n    <form action=\"\" class=\"flex flex-column\" data-form=\"optInForm\" data-urlsearchparams=\"\" data-widget=\"registration_2_step\" id=\"opt-form\" method=\"post\" name=\"optInForm\">\n        <div class=\"elementor-field-type-text elementor-field-group elementor-column elementor-field-group-name elementor-col-100 form-group\">\n            <label for=\"form-first_name\" class=\"elementor-field-label elementor-screen-only\">Jm&eacute;no<\/label>\n            <input class=\"elementor-field elementor-size-sm  elementor-field-textual regFormFirstName\" placeholder=\"Jm&eacute;no\" data-input=\"firstname\" data-valid=\"false\" id=\"form-first_name\" name=\"firstname\" size=\"1\" type=\"text\">\n            <p class=\"error-message\"><\/p>\n        <\/div>\n\n        <div class=\"elementor-field-type-text elementor-field-group elementor-column elementor-field-group-name elementor-col-100 form-group\">\n            <label for=\"form-last_name\" class=\"elementor-field-label elementor-screen-only\">P&#345;&iacute;jmen&iacute;<\/label>\n            <input class=\"elementor-field elementor-size-sm elementor-field-textual regFormLastNname\" placeholder=\"P&#345;&iacute;jmen&iacute;\" data-input=\"lastname\" data-valid=\"false\" id=\"form-last_name\" name=\"lastname\" size=\"1\" type=\"text\">\n            <p class=\"error-message\"><\/p>\n        <\/div>\n\n        <div class=\"form-group elementor-field-type-text elementor-field-group elementor-column elementor-field-group-name elementor-col-100\">\n            <label class=\"elementor-field-label elementor-screen-only\" for=\"form-email\">E-mailem<\/label>\n            <input class=\"regFormEmail elementor-field elementor-size-sm elementor-field-textual\" placeholder=\"E-mailem\" data-input=\"email\" data-valid=\"false\" id=\"form-email\" name=\"email\" type=\"email\">\n            <p class=\"error-message\"><\/p>\n            <div class=\"form-group__emailValid-info\">\n                <span class=\"form-group__emailValid-message\"><span>M&#283;li jste na mysli<\/span> <b><\/b>?<\/span> <span class=\"form-group__emailValid-btn\">Nahradit<\/span>            <\/div>\n        <\/div>\n\n        <p class=\"reCAPTCHAContent\">\n            Tento web je chr&aacute;n&#283;n reCAPTCHA a plat&iacute; <a href=\"https:\/\/policies.google.com\/privacy\/cs\/\" target=\"_blank\" rel=\"noopener\">Z&aacute;sady ochrany osobn&iacute;ch &uacute;daj&#367; Google<\/a> a <a href=\"https:\/\/policies.google.com\/terms\/cs\/\" target=\"_blank\" rel=\"noopener\">Podm&iacute;nky slu&#382;by<\/a>.        <\/p>\n\n        <button class=\"zoom regFormButton elementor-button elementor-size-sm\" data-button=\"submit\" id=\"optInForm-btn\">\n            Zaregistrujte se        <\/button>\n    <\/form>\n<\/div><div class=\"form-widget\" id=\"regFormWrapper\" style=\"visibility: hidden; width: 0; height:0\">\n    <form action=\"\" class=\"flex flex-column\" data-form=\"registrationForm\" data-urlsearchparams=\"\" data-widget=\"registration_2_step\" id=\"reg-form\" method=\"post\" name=\"registrationForm\">\n        <div class=\"elementor-field-type-text elementor-field-group elementor-column elementor-field-group-name elementor-col-100 form-group\">\n            <label for=\"form-first_name\" class=\"elementor-field-label elementor-screen-only\">Jm&eacute;no<\/label>\n            <input class=\"elementor-field elementor-size-sm  elementor-field-textual regFormFirstName\" placeholder=\"Jm&eacute;no\" data-input=\"firstname\" data-valid=\"false\" id=\"form-first_name\" name=\"firstname\" size=\"1\" type=\"text\">\n            <p class=\"error-message\"><\/p>\n        <\/div>\n\n        <div class=\"elementor-field-type-text elementor-field-group elementor-column elementor-field-group-name elementor-col-100 form-group\">\n            <label for=\"form-last_name\" class=\"elementor-field-label elementor-screen-only\">P&#345;&iacute;jmen&iacute;<\/label>\n            <input class=\"elementor-field elementor-size-sm elementor-field-textual regFormLastNname\" placeholder=\"P&#345;&iacute;jmen&iacute;\" data-input=\"lastname\" data-valid=\"false\" id=\"form-last_name\" name=\"lastname\" size=\"1\" type=\"text\">\n            <p class=\"error-message\"><\/p>\n        <\/div>\n\n        <div class=\"elementor-field-type-text elementor-field-group elementor-column elementor-field-group-name elementor-col-100 form-group form-group__emailValid\">\n            <label class=\"elementor-field-label elementor-screen-only\" for=\"form-email\">E-mailem<\/label>\n            <input class=\"elementor-field elementor-size-sm elementor-field-textual regFormEmail\" placeholder=\"E-mailem\" data-input=\"email\" data-valid=\"false\" id=\"form-email\" name=\"email\" type=\"email\">\n            <p class=\"error-message\"><\/p>\n            <p class=\"form-group__emailValid-info\">\n                <span class=\"form-group__emailValid-message\"><span>M&#283;li jste na mysli<\/span> <b><\/b>?<\/span> <span class=\"form-group__emailValid-btn\">Nahradit<\/span>            <\/p>\n        <\/div>\n\n        <div class=\"elementor-field-type-tel elementor-field-group elementor-column elementor-field-group-field_fad38fc elementor-col-100 form-group reg-phone\">\n            <label class=\"elementor-field-label elementor-screen-only\" for=\"form-phone_number\">Telefonn&iacute; &#269;&iacute;slo<\/label>\n            <input class=\"elementor-field elementor-size-sm elementor-field-textual regFormPhoneNumber\" placeholder=\"Telefonn&iacute; &#269;&iacute;slo\" autocompvare=\"off\" data-input=\"phone_number\" data-valid=\"false\" id=\"form-phone_number\" name=\"phone_number\" size=\"1\" type=\"text\">\n            <p class=\"error-message\"><\/p>\n        <\/div>\n\n        <p class=\"reCAPTCHAContent\">\n            Tento web je chr&aacute;n&#283;n reCAPTCHA a plat&iacute; <a href=\"https:\/\/policies.google.com\/privacy\/cs\/\" target=\"_blank\" rel=\"noopener\">Z&aacute;sady ochrany osobn&iacute;ch &uacute;daj&#367; Google<\/a> a <a href=\"https:\/\/policies.google.com\/terms\/cs\/\" target=\"_blank\" rel=\"noopener\">Podm&iacute;nky slu&#382;by<\/a>.        <\/p>\n\n        <button class=\"elementor-button zoom regFormButton\" data-button=\"submit\" id=\"form-btn\" type=\"button\">\n            Zaregistrujte se        <\/button>\n\n        <div class=\"wrapper__rar-no\" data-modal=\"success\" style=\"display: none\">\n            <div class=\"success\">\n                <img decoding=\"async\" src=\"\/wp-content\/plugins\/fxbot-registration-form\/assets\/images\/regSuccess.png\" alt=\"D&#283;kujeme za registraci\" title=\"\">\n                <p>D&#283;kujeme za registraci.<br> N&aacute;&scaron; agent v&aacute;s brzy kontaktuje.<br> Ujist&#283;te se, &#382;e jste pou&#382;ili skute&#269;n&eacute; telefonn&iacute; &#269;&iacute;slo.<br> D&iacute;ky.<\/p>\n            <\/div>\n        <\/div>\n\n        <div class=\"wrapper__rar-no\" data-modal=\"alternative_success\" style=\"display: none\">\n            <div class=\"success\">\n                <p class=\"reg_title\">\n                    <b>&Uacute;sp&#283;&scaron;n&#283; jste se p&#345;ipojili.<\/b>\n                <\/p>\n                <p>Z&aacute;stupce spole&#269;nosti v&aacute;s brzy kontaktuje. Ujist&#283;te se, &#382;e jste k dispozici telefonicky, abyste nezme&scaron;kali hovor.<\/p>\n            <\/div>\n        <\/div>\n\n        <div class=\"wrapper__error\" data-modal=\"error\" style=\"display: none\"><\/div>\n    <\/form>\n<\/div><div class=\"submit-overlay\" style=\"display: none;\">\n    <div class=\"lds-spinner\">\n        <div><\/div>\n        <div><\/div>\n        <div><\/div>\n        <div><\/div>\n        <div><\/div>\n        <div><\/div>\n        <div><\/div>\n        <div><\/div>\n    <\/div>\n    <p class=\"overlay-text\">Spoj&iacute;me v&aacute;s s nejlep&scaron;&iacute;m makl&eacute;&#345;em ve va&scaron;&iacute; oblasti<\/p>\n<\/div>\n\n\n<\/div><\/div>\n<\/div>\n<\/div><\/div><div class=\"gb-container gb-container-27f9bca9\">\n<div class=\"gb-container gb-container-85f08de5\">\n\n<h2 class=\"gb-headline gb-headline-7b7a00b9 gb-headline-text\">Poj&#271;me spole&#269;n&#283; zmen&scaron;it rozd&#283;len&iacute; bohatstv&iacute;!<\/h2>\n\n\n\n<p>P&#345;em&yacute;&scaron;leli jste n&#283;kdy nad t&iacute;m, pro&#269; i p&#345;es obrovskou technologickou revoluci a mnoho dostupn&yacute;ch finan&#269;n&iacute;ch p&#345;&iacute;le&#382;itost&iacute; st&aacute;le existuje obrovsk&aacute; propast mezi bohat&yacute;mi a chud&yacute;mi? No, my v&iacute;me pro&#269;.<\/p>\n\n\n\n<p>Je to proto, &#382;e ka&#382;d&yacute; den jsou lid&eacute; vynech&aacute;ni. Za&#269;&iacute;t obchodovat je tradi&#269;n&#283; velmi obt&iacute;&#382;n&eacute;, ale s digit&aacute;ln&iacute;mi aktivy a kryptom&#283;nami je mnohem snaz&scaron;&iacute; p&#345;ekonat tradi&#269;n&iacute; p&#345;ek&aacute;&#382;ky. Mezi tyto p&#345;ek&aacute;&#382;ky pat&#345;&iacute; sm&#283;&scaron;n&#283; vysok&eacute; poplatky, neod&#367;vodn&#283;n&eacute; &uacute;v&#283;rov&eacute; kontroly a finan&#269;n&iacute; terminologie, kterou je &#269;asto obt&iacute;&#382;n&eacute; de&scaron;ifrovat. Tak&#382;e &ndash; KW_00002 je tu, aby to v&scaron;echno zm&#283;nil &ndash; umo&#382;&#328;uje ka&#382;d&eacute;mu, kdo chce, p&#345;&iacute;stup k sektoru obchodov&aacute;n&iacute; s kryptom&#283;nami. Neexistuj&iacute; &#382;&aacute;dn&eacute; otev&iacute;rac&iacute; a zav&iacute;rac&iacute; &#269;asy, &#382;&aacute;dn&eacute; hranice va&scaron;&iacute; obchodn&iacute; cesty a &#382;&aacute;dn&eacute; ismy. Sta&#269;&iacute; se <a href=\"https:\/\/500intal.trade\/cs\/\" data-type=\"page\" data-id=\"816\">zaregistrovat zde<\/a> , spojit se s renomovan&yacute;m a d&#367;v&#283;ryhodn&yacute;m makl&eacute;&#345;em ve va&scaron;em regionu a otev&#345;&iacute;t si br&aacute;nu k finan&#269;n&iacute;mu &uacute;sp&#283;chu. Vyu&#382;ijte p&#345;&iacute;le&#382;itost potenci&aacute;ln&#283; generovat bohatstv&iacute; a zajistit si svou finan&#269;n&iacute; budoucnost.<\/p>\n\n<\/div>\n<\/div><div class=\"gb-container gb-container-809650d2\"><div class=\"gb-inside-container\">\n<div class=\"gb-container gb-container-f08ce331\"><div class=\"gb-inside-container\">\n<div class=\"gb-button-wrapper gb-button-wrapper-34e3190a\">\n\n<a class=\"gb-button gb-button-1faa415c gb-button-text\" href=\"https:\/\/500intal.trade\/cs\/\">Za&#269;n&#283;te obchodovat je&scaron;t&#283; dnes<\/a>\n\n<\/div>\n<\/div><\/div>\n<\/div><\/div><div class=\"gb-container gb-container-b27ba6fe\">\n<div class=\"gb-container gb-container-255f7898\">\n\n<h2 class=\"gb-headline gb-headline-f659e5fc gb-headline-text\">Jak se registrovat<\/h2>\n\n\n\n<p>Registrace na KW_00003 je snadn&aacute;, postupujte takto:<\/p>\n\n\n<div class=\"gb-grid-wrapper gb-grid-wrapper-74da678c\">\n<div class=\"gb-grid-column gb-grid-column-f7a20b44\"><div class=\"gb-container gb-container-f7a20b44\"><div class=\"gb-inside-container\">\n<div class=\"gb-grid-wrapper gb-grid-wrapper-a3685fee\">\n<div class=\"gb-grid-column gb-grid-column-218da830\"><div class=\"gb-container gb-container-218da830\"><div class=\"gb-inside-container\">\n<div class=\"wp-block-image is-style-rounded\">\n<figure class=\"aligncenter size-full\"><img loading=\"lazy\" decoding=\"async\" width=\"112\" height=\"112\" src=\"https:\/\/500intal.trade\/wp-content\/uploads\/2023\/02\/google-112x112-1.png\" alt=\"500intal trade google\" class=\"wp-image-1530\" title=\"\"><\/figure>\n<\/div>\n<\/div><\/div><\/div>\n\n<div class=\"gb-grid-column gb-grid-column-aa2a8f08\"><div class=\"gb-container gb-container-aa2a8f08\"><div class=\"gb-inside-container\">\n\n<p class=\"gb-headline gb-headline-23f0b2e6 gb-headline-text\">Krok 1<\/p>\n\n\n\n<p class=\"gb-headline gb-headline-7c2e1eff gb-headline-text\">P&#344;IHL&Aacute;SIT SE<\/p>\n\n<\/div><\/div><\/div>\n<\/div>\n\n\n<p class=\"gb-headline gb-headline-1a1644be gb-headline-text\">V&aacute;&scaron; &uacute;&#269;et KW_00002 je zcela ZDARMA, sta&#269;&iacute; se zaregistrovat a jakmile tak u&#269;in&iacute;te, okam&#382;it&#283; v&aacute;s spoj&iacute;me s d&#367;v&#283;ryhodn&yacute;m brokerem ve va&scaron;&iacute; zemi. Tento broker je navr&#382;en tak, aby pracoval v synergii s va&scaron;imi po&#382;adavky a umo&#382;nil v&aacute;m za&#269;&iacute;t na va&scaron;&iacute; obchodn&iacute; cest&#283;. Na&scaron;e slu&#382;by v&#382;dy soust&#345;ed&iacute;me na pot&#345;eby na&scaron;ich z&aacute;kazn&iacute;k&#367;. <a href=\"https:\/\/500intal.trade\/cs\/\" data-type=\"page\" data-id=\"816\">Zaregistrujte se zde<\/a> .<\/p>\n\n<\/div><\/div><\/div>\n\n<div class=\"gb-grid-column gb-grid-column-ceafa2f3\"><div class=\"gb-container gb-container-ceafa2f3\"><div class=\"gb-inside-container\">\n<div class=\"gb-grid-wrapper gb-grid-wrapper-3cb0d1ed\">\n<div class=\"gb-grid-column gb-grid-column-4fccec97\"><div class=\"gb-container gb-container-4fccec97\"><div class=\"gb-inside-container\">\n<div class=\"wp-block-image is-style-rounded\">\n<figure class=\"aligncenter size-full\"><img loading=\"lazy\" decoding=\"async\" width=\"112\" height=\"112\" src=\"https:\/\/500intal.trade\/wp-content\/uploads\/2023\/02\/google-112x112-1.png\" alt=\"500intal trade google\" class=\"wp-image-1530\" title=\"\"><\/figure>\n<\/div>\n<\/div><\/div><\/div>\n\n<div class=\"gb-grid-column gb-grid-column-e852e6f9\"><div class=\"gb-container gb-container-e852e6f9\"><div class=\"gb-inside-container\">\n\n<p class=\"gb-headline gb-headline-cbf25a50 gb-headline-text\">Krok 2<\/p>\n\n\n\n<p class=\"gb-headline gb-headline-493a5559 gb-headline-text\">OV&#282;&#344;IT<\/p>\n\n<\/div><\/div><\/div>\n<\/div>\n\n\n<p class=\"gb-headline gb-headline-e451054a gb-headline-text\">D&aacute;le v&aacute;s pot&#345;ebujeme ov&#283;&#345;it. Spr&aacute;vce osobn&iacute;ho &uacute;&#269;tu v&aacute;s bude kontaktovat telefonicky, aby to provedl a zajistil spr&aacute;vnost va&scaron;ich &uacute;daj&#367;, co&#382; tak&eacute; udr&#382;uje v&aacute;&scaron; &uacute;&#269;et v bezpe&#269;&iacute;. Pomohou v&aacute;m tak&eacute; s orientac&iacute; v r&aacute;mci va&scaron;eho nov&eacute;ho brokera a jeho slu&#382;bami. M&#283;li byste si tak&eacute; p&#345;e&#269;&iacute;st podm&iacute;nky a prohl&aacute;&scaron;en&iacute; va&scaron;eho brokera. N&#283;jak&eacute; ot&aacute;zky? <a href=\"https:\/\/500intal.trade\/cs\/kontakt\/\" data-type=\"page\" data-id=\"18\">Klikn&#283;te na podporu<\/a> .<\/p>\n\n<\/div><\/div><\/div>\n\n<div class=\"gb-grid-column gb-grid-column-870a84df\"><div class=\"gb-container gb-container-870a84df\"><div class=\"gb-inside-container\">\n<div class=\"gb-grid-wrapper gb-grid-wrapper-49a36406\">\n<div class=\"gb-grid-column gb-grid-column-f812496a\"><div class=\"gb-container gb-container-f812496a\"><div class=\"gb-inside-container\">\n<div class=\"wp-block-image is-style-rounded\">\n<figure class=\"aligncenter size-full\"><img loading=\"lazy\" decoding=\"async\" width=\"112\" height=\"112\" src=\"https:\/\/500intal.trade\/wp-content\/uploads\/2023\/02\/google-112x112-1.png\" alt=\"500intal trade google\" class=\"wp-image-1530\" title=\"\"><\/figure>\n<\/div>\n<\/div><\/div><\/div>\n\n<div class=\"gb-grid-column gb-grid-column-534e68e0\"><div class=\"gb-container gb-container-534e68e0\"><div class=\"gb-inside-container\">\n\n<p class=\"gb-headline gb-headline-4501a066 gb-headline-text\">Krok 3<\/p>\n\n\n\n<p class=\"gb-headline gb-headline-00f539d2 gb-headline-text\">AKTIVOVAT!<\/p>\n\n<\/div><\/div><\/div>\n<\/div>\n\n\n<p class=\"gb-headline gb-headline-3e114dd4 gb-headline-text\">Jakmile budete ov&#283;&#345;eni, zb&yacute;v&aacute; pouze ov&#283;&#345;it v&aacute;&scaron; &uacute;&#269;et. Sta&#269;&iacute; vlo&#382;it minim&aacute;ln&#283; 250 $, tato &#269;&aacute;stka p&#345;edstavuje v&aacute;&scaron; obchodn&iacute; kapit&aacute;l. Jakmile to ud&#283;l&aacute;te, jste p&#345;ipraveni vyrazit. M&#367;&#382;ete za&#269;&iacute;t obchodovat kryptom&#283;ny, FOREX, drah&eacute; kovy, komodity, digit&aacute;ln&iacute; aktiva a dal&scaron;&iacute;, to v&scaron;e d&iacute;ky ofici&aacute;ln&iacute; webov&eacute; str&aacute;nce KW_00002 . Neexistuje &#382;&aacute;dn&yacute; zp&#367;sob, jak KW_00003 je podvod, je to jedna z nejlep&scaron;&iacute;ch spole&#269;nost&iacute; affiliate marketingu pro digit&aacute;ln&iacute; aktiva a finance na sv&#283;t&#283;!<\/p>\n\n<\/div><\/div><\/div>\n<\/div>\n<\/div>\n<\/div><div class=\"gb-container gb-container-d581fd43\"><div class=\"gb-inside-container\">\n<div class=\"gb-container gb-container-22bec60d\"><div class=\"gb-inside-container\">\n<div class=\"gb-button-wrapper gb-button-wrapper-4a52d15c\">\n\n<a class=\"gb-button gb-button-ada71fb6 gb-button-text\" href=\"https:\/\/500intal.trade\/cs\/\">Zde si otev&#345;ete sv&#367;j &uacute;&#269;et<\/a>\n\n<\/div>\n<\/div><\/div>\n<\/div><\/div><div class=\"gb-container gb-container-c2933e98\">\n<div class=\"gb-container gb-container-1dbc429b\">\n\n<h2 class=\"gb-headline gb-headline-ca2dc209 gb-headline-text\">Vyu&#382;ijte v&scaron;echny v&yacute;hody KW_00001 !<\/h2>\n\n\n\n<ul class=\"wp-block-list\">\n<li>Super rychl&eacute; nastaven&iacute; &uacute;&#269;tu!<\/li>\n\n\n\n<li>Rychl&eacute; p&#345;ihl&aacute;&scaron;en&iacute;, dostanete se p&#345;&iacute;mo ke sv&eacute;mu d&#367;v&#283;ryhodn&eacute;mu brokerovi.<\/li>\n\n\n\n<li>K pou&#382;it&iacute; zcela ZDARMA.<\/li>\n\n\n\n<li>&#381;&aacute;dn&eacute; kontroly kreditu.<\/li>\n\n\n\n<li>&#381;&aacute;dn&eacute; pap&iacute;rov&aacute;n&iacute;.<\/li>\n\n\n\n<li>Bezpe&#269;n&#283; a bezpe&#269;n&#283;, b&#283;hem chvilky v&aacute;s ov&#283;&#345;&iacute;me, sta&#269;&iacute; jednou!<\/li>\n\n\n\n<li>V&aacute;&scaron; vlastn&iacute; specializovan&yacute; Account Manager, kter&yacute; v&aacute;m zavol&aacute; k ov&#283;&#345;en&iacute; a projde procesem. M&aacute;te ot&aacute;zku? Sta&#269;&iacute; se zeptat sv&eacute;ho osobn&iacute;ho mana&#382;era &uacute;&#269;tu nebo kontaktovat na&scaron;i p&#345;&aacute;telskou z&aacute;kaznickou podporu.<\/li>\n\n\n\n<li>Mnoho platebn&iacute;ch metod na v&yacute;b&#283;r. V&scaron;e, co mus&iacute;te ud&#283;lat, je vlo&#382;it prost&#345;edky na sv&#367;j &uacute;&#269;et KW_00003 , jen v&aacute;s po&#382;&aacute;d&aacute;me o mal&yacute; vklad ve v&yacute;&scaron;i pouh&yacute;ch 250 $, abyste mohli za&#269;&iacute;t. Vyberte si preferovan&yacute; zp&#367;sob platby a m&#283;jte sv&eacute; finance pod kontrolou.<\/li>\n\n\n\n<li>T&yacute;m z&aacute;kaznick&eacute; podpory, kter&yacute; v&aacute;m a na&scaron;im obchodn&iacute;m partner&#367;m pom&#367;&#382;e, tak&eacute; poskytuje nep&#345;etr&#382;itou podporu. Pokud pot&#345;ebujete pomoci s &#269;&iacute;mkoli, s va&scaron;&iacute;m &uacute;&#269;tem, automatick&yacute;mi n&aacute;stroji, jak za&#269;&iacute;t obchodovat, prov&eacute;st vklad, pochopit obchodn&iacute; platformu va&scaron;eho brokera nebo cokoli jin&eacute;ho, &#8203;&#8203;jsme tu pro v&aacute;s.<\/li>\n\n\n\n<li>P&#345;ipojte se ke komunit&#283; obchodn&iacute;k&#367; s digit&aacute;ln&iacute;mi aktivy, kte&#345;&iacute; jsou stejn&#283; nad&scaron;en&iacute; jako vy z dostupn&yacute;ch finan&#269;n&iacute;ch p&#345;&iacute;le&#382;itost&iacute;.  <\/li>\n<\/ul>\n\n\n\n<p><em>V&#381;DY M&#282;JTE NA PAM&#282;TI, &#381;E NEEXISTUJE &#381;&Aacute;DN&Aacute; Z&Aacute;RUKA DOSA&#381;EN&Iacute; ZISKU, PROTO&#381;E TRH JE VOLATILN&Iacute;, ALE TATO VOLATILITA V&Aacute;M D&Aacute;V&Aacute; VELKOU MO&#381;NOST VYU&#381;&Iacute;T V&Yacute;HODY!<\/em><\/p>\n\n\n\n<p><em>S KW_00003 &ndash; NEJSOU &#381;&Aacute;DN&Aacute; OMEZEN&Iacute;!<\/em><\/p>\n\n\n\n<a class=\"gb-button gb-button-46cbad7f gb-button-text\" href=\"https:\/\/500intal.trade\/cs\/\">Za&#269;n&#283;te kliknut&iacute;m sem<\/a>\n\n<\/div>\n<\/div>\n","protected":false},"excerpt":{"rendered":"<p>P&#345;ihl&aacute;&scaron;en&iacute; a registrace &ndash; KW_00001 a nejnov&#283;j&scaron;&iacute; verze KW_00002 Poj&#271;me spole&#269;n&#283; zmen&scaron;it rozd&#283;len&iacute; bohatstv&iacute;! P&#345;em&yacute;&scaron;leli jste n&#283;kdy nad t&iacute;m, pro&#269; i p&#345;es obrovskou technologickou revoluci a mnoho dostupn&yacute;ch finan&#269;n&iacute;ch p&#345;&iacute;le&#382;itost&iacute; st&aacute;le existuje obrovsk&aacute; propast mezi bohat&yacute;mi a chud&yacute;mi? No, my v&iacute;me pro&#269;. Je to proto, &#382;e ka&#382;d&yacute; den jsou lid&eacute; vynech&aacute;ni. Za&#269;&iacute;t obchodovat je tradi&#269;n&#283; &#8230; <a title=\"P\u0159ihl\u00e1sit se\" class=\"read-more\" href=\"https:\/\/500intal.trade\/cs\/prihlaseni\/\" aria-label=\"\u010c\u00edst v\u00edce o P\u0159ihl\u00e1sit se\">Read more<\/a><\/p>\n","protected":false},"author":1,"featured_media":0,"parent":0,"menu_order":0,"comment_status":"closed","ping_status":"closed","template":"","meta":{"footnotes":""},"class_list":["post-1640","page","type-page","status-publish"],"_links":{"self":[{"href":"https:\/\/500intal.trade\/cs\/wp-json\/wp\/v2\/pages\/1640","targetHints":{"allow":["GET"]}}],"collection":[{"href":"https:\/\/500intal.trade\/cs\/wp-json\/wp\/v2\/pages"}],"about":[{"href":"https:\/\/500intal.trade\/cs\/wp-json\/wp\/v2\/types\/page"}],"author":[{"embeddable":true,"href":"https:\/\/500intal.trade\/cs\/wp-json\/wp\/v2\/users\/1"}],"replies":[{"embeddable":true,"href":"https:\/\/500intal.trade\/cs\/wp-json\/wp\/v2\/comments?post=1640"}],"version-history":[{"count":0,"href":"https:\/\/500intal.trade\/cs\/wp-json\/wp\/v2\/pages\/1640\/revisions"}],"wp:attachment":[{"href":"https:\/\/500intal.trade\/cs\/wp-json\/wp\/v2\/media?parent=1640"}],"curies":[{"name":"wp","href":"https:\/\/api.w.org\/{rel}","templated":true}]}}