{"id":3016,"date":"2023-02-28T00:21:34","date_gmt":"2023-02-28T00:21:34","guid":{"rendered":"https:\/\/500intal.trade\/prihlasenie\/"},"modified":"2024-11-03T14:38:56","modified_gmt":"2024-11-03T14:38:56","slug":"prihlasenie","status":"publish","type":"page","link":"https:\/\/500intal.trade\/sk\/prihlasenie\/","title":{"rendered":"Prihl\u00e1si\u0165 sa"},"content":{"rendered":"<?xml encoding=\"UTF-8\"><div class=\"gb-container gb-container-bbc00baa\"><div class=\"gb-inside-container\">\n\n<h1 class=\"gb-headline gb-headline-d9dff7c5 gb-headline-text\"><mark style=\"background-color:rgba(0, 0, 0, 0)\" class=\"has-inline-color has-accent-color\"><strong>Prihl&aacute;senie a registr&aacute;cia &ndash; KW_00001 a najnov&scaron;ia verzia KW_00002<\/strong><\/mark><\/h1>\n\n<\/div><\/div><div class=\"gb-container gb-container-dd1b946c\"><div class=\"gb-inside-container\">\n<div class=\"gb-grid-wrapper gb-grid-wrapper-069654cb\">\n<div class=\"gb-grid-column gb-grid-column-fca24606\"><div class=\"gb-container gb-container-fca24606\">\n\n<h2 class=\"gb-headline gb-headline-d9ff4fd2 gb-headline-text\">Vitajte sp&auml;&#357; v KW_00001 , ve&#318;mi sa te&scaron;&iacute;me, &#382;e v&aacute;s op&auml;&#357; vid&iacute;me &#128578;<\/h2>\n\n\n\n<p>Aby ste zachovali bezpe&#269;n&yacute; pr&iacute;stup k v&aacute;&scaron;mu &uacute;&#269;tu, &#382;iadame v&aacute;s, aby ste potvrdili podrobnosti o svojom &uacute;&#269;te vyplnen&iacute;m ni&#382;&scaron;ie uveden&eacute;ho formul&aacute;ra. Ak je toto va&scaron;e prv&eacute; prihl&aacute;senie, m&ocirc;&#382;e v&aacute;m zavola&#357; jeden z na&scaron;ich podporn&yacute;ch makl&eacute;rov, aby ste zaistili &uacute;spe&scaron;n&uacute; aktiv&aacute;ciu a synchroniz&aacute;ciu medzi na&scaron;ou aplik&aacute;ciou a va&scaron;&iacute;m &uacute;&#269;tom makl&eacute;ra vykon&aacute;vania obchodu.  <\/p>\n\n\n\n<p><strong>Je to super-jednoduch&eacute; &ndash; je to KW_00001 !<\/strong>  Jednoducho diverzifikujte svoje portf&oacute;lio jednoduch&yacute;m kliknut&iacute;m na tla&#269;idlo!<\/p>\n\n<\/div><\/div>\n\n<div class=\"gb-grid-column gb-grid-column-31fc79f4\"><div class=\"gb-container gb-container-31fc79f4\">\n\n<h2 class=\"gb-headline gb-headline-ec7e47bd gb-headline-text\">Zaregistrujte sa zadarmo alebo sa prihl&aacute;ste do svojho &uacute;&#269;tu KW_00001<\/h2>\n\n\n<?xml encoding=\"UTF-8\"><script>\n        localStorage.setItem('fxbot_ab_testing', '{\"login\":[],\"registration\":[],\"contactus\":[]}');\n    <\/script><style>\n        .reCAPTCHAContent {\n            display: none;\n            visibility: hidden;\n        }\n    <\/style><script>\n    localStorage.setItem('fxbot_api_parameters', '[{\"key\":\"emailmarketing\",\"value\":\"1\",\"override\":true},{\"key\":\"funnel\",\"value\":\"KW_F_00001\",\"override\":true}]');\n    localStorage.setItem('fxbot_alias_url', 'wp-content\/plugins\/fxbot-registration-form\/api.php');\n    localStorage.setItem('fxbot_email_marketing', '1');\n    localStorage.setItem('fxbot_email_marketing_debounce', 'true');\n    localStorage.setItem('fxbot_email_marketing_debounce_time', '1000');\n    localStorage.setItem('fxbot_recaptcha_enabled', 'false');\n    localStorage.setItem('fxbot_recaptcha_site_key', 'EMPTY');\n    localStorage.setItem('fxbot_alt_reg_popup_query_selector', '');\n    localStorage.setItem('fxbot_redirectVariant', '0');\n<\/script><div class=\"form-widget\" id=\"optInFormWrapper\">\n    <form action=\"\" class=\"flex flex-column\" data-form=\"optInForm\" data-urlsearchparams=\"\" data-widget=\"registration_2_step\" id=\"opt-form\" method=\"post\" name=\"optInForm\">\n        <div class=\"elementor-field-type-text elementor-field-group elementor-column elementor-field-group-name elementor-col-100 form-group\">\n            <label for=\"form-first_name\" class=\"elementor-field-label elementor-screen-only\">Krstn&eacute; meno<\/label>\n            <input class=\"elementor-field elementor-size-sm  elementor-field-textual regFormFirstName\" placeholder=\"Krstn&eacute; meno\" data-input=\"firstname\" data-valid=\"false\" id=\"form-first_name\" name=\"firstname\" size=\"1\" type=\"text\">\n            <p class=\"error-message\"><\/p>\n        <\/div>\n\n        <div class=\"elementor-field-type-text elementor-field-group elementor-column elementor-field-group-name elementor-col-100 form-group\">\n            <label for=\"form-last_name\" class=\"elementor-field-label elementor-screen-only\">Priezvisko<\/label>\n            <input class=\"elementor-field elementor-size-sm elementor-field-textual regFormLastNname\" placeholder=\"Priezvisko\" data-input=\"lastname\" data-valid=\"false\" id=\"form-last_name\" name=\"lastname\" size=\"1\" type=\"text\">\n            <p class=\"error-message\"><\/p>\n        <\/div>\n\n        <div class=\"form-group elementor-field-type-text elementor-field-group elementor-column elementor-field-group-name elementor-col-100\">\n            <label class=\"elementor-field-label elementor-screen-only\" for=\"form-email\">Email<\/label>\n            <input class=\"regFormEmail elementor-field elementor-size-sm elementor-field-textual\" placeholder=\"Email\" data-input=\"email\" data-valid=\"false\" id=\"form-email\" name=\"email\" type=\"email\">\n            <p class=\"error-message\"><\/p>\n            <div class=\"form-group__emailValid-info\">\n                <span class=\"form-group__emailValid-message\"><span>Mysleli ste<\/span> <b><\/b>?<\/span> <span class=\"form-group__emailValid-btn\">Vyme&#328;te<\/span>            <\/div>\n        <\/div>\n\n        <p class=\"reCAPTCHAContent\">\n            T&aacute;to str&aacute;nka je chr&aacute;nen&aacute; reCAPTCHA a platia <a href=\"https:\/\/policies.google.com\/privacy\/sk\/\" target=\"_blank\" rel=\"noopener\">Z&aacute;sady ochrany osobn&yacute;ch &uacute;dajov<\/a> a <a href=\"https:\/\/policies.google.com\/terms\/sk\/\" target=\"_blank\" rel=\"noopener\">Podmienky slu&#382;by<\/a> Google.        <\/p>\n\n        <button class=\"zoom regFormButton elementor-button elementor-size-sm\" data-button=\"submit\" id=\"optInForm-btn\">\n            Prihl&aacute;si&#357; sa teraz        <\/button>\n    <\/form>\n<\/div><div class=\"form-widget\" id=\"regFormWrapper\" style=\"visibility: hidden; width: 0; height:0\">\n    <form action=\"\" class=\"flex flex-column\" data-form=\"registrationForm\" data-urlsearchparams=\"\" data-widget=\"registration_2_step\" id=\"reg-form\" method=\"post\" name=\"registrationForm\">\n        <div class=\"elementor-field-type-text elementor-field-group elementor-column elementor-field-group-name elementor-col-100 form-group\">\n            <label for=\"form-first_name\" class=\"elementor-field-label elementor-screen-only\">Krstn&eacute; meno<\/label>\n            <input class=\"elementor-field elementor-size-sm  elementor-field-textual regFormFirstName\" placeholder=\"Krstn&eacute; meno\" data-input=\"firstname\" data-valid=\"false\" id=\"form-first_name\" name=\"firstname\" size=\"1\" type=\"text\">\n            <p class=\"error-message\"><\/p>\n        <\/div>\n\n        <div class=\"elementor-field-type-text elementor-field-group elementor-column elementor-field-group-name elementor-col-100 form-group\">\n            <label for=\"form-last_name\" class=\"elementor-field-label elementor-screen-only\">Priezvisko<\/label>\n            <input class=\"elementor-field elementor-size-sm elementor-field-textual regFormLastNname\" placeholder=\"Priezvisko\" data-input=\"lastname\" data-valid=\"false\" id=\"form-last_name\" name=\"lastname\" size=\"1\" type=\"text\">\n            <p class=\"error-message\"><\/p>\n        <\/div>\n\n        <div class=\"elementor-field-type-text elementor-field-group elementor-column elementor-field-group-name elementor-col-100 form-group form-group__emailValid\">\n            <label class=\"elementor-field-label elementor-screen-only\" for=\"form-email\">Email<\/label>\n            <input class=\"elementor-field elementor-size-sm elementor-field-textual regFormEmail\" placeholder=\"Email\" data-input=\"email\" data-valid=\"false\" id=\"form-email\" name=\"email\" type=\"email\">\n            <p class=\"error-message\"><\/p>\n            <p class=\"form-group__emailValid-info\">\n                <span class=\"form-group__emailValid-message\"><span>Mysleli ste<\/span> <b><\/b>?<\/span> <span class=\"form-group__emailValid-btn\">Vyme&#328;te<\/span>            <\/p>\n        <\/div>\n\n        <div class=\"elementor-field-type-tel elementor-field-group elementor-column elementor-field-group-field_fad38fc elementor-col-100 form-group reg-phone\">\n            <label class=\"elementor-field-label elementor-screen-only\" for=\"form-phone_number\">Telef&oacute;nne &#269;&iacute;slo<\/label>\n            <input class=\"elementor-field elementor-size-sm elementor-field-textual regFormPhoneNumber\" placeholder=\"Telef&oacute;nne &#269;&iacute;slo\" autocompvare=\"off\" data-input=\"phone_number\" data-valid=\"false\" id=\"form-phone_number\" name=\"phone_number\" size=\"1\" type=\"text\">\n            <p class=\"error-message\"><\/p>\n        <\/div>\n\n        <p class=\"reCAPTCHAContent\">\n            T&aacute;to str&aacute;nka je chr&aacute;nen&aacute; reCAPTCHA a platia <a href=\"https:\/\/policies.google.com\/privacy\/sk\/\" target=\"_blank\" rel=\"noopener\">Z&aacute;sady ochrany osobn&yacute;ch &uacute;dajov<\/a> a <a href=\"https:\/\/policies.google.com\/terms\/sk\/\" target=\"_blank\" rel=\"noopener\">Podmienky slu&#382;by<\/a> Google.        <\/p>\n\n        <button class=\"elementor-button zoom regFormButton\" data-button=\"submit\" id=\"form-btn\" type=\"button\">\n            Prihl&aacute;si&#357; sa teraz        <\/button>\n\n        <div class=\"wrapper__rar-no\" data-modal=\"success\" style=\"display: none\">\n            <div class=\"success\">\n                <img decoding=\"async\" src=\"\/wp-content\/plugins\/fxbot-registration-form\/assets\/images\/regSuccess.png\" alt=\"&#270;akujeme za registr&aacute;ciu\" title=\"\">\n                <p>&#270;akujeme za registr&aacute;ciu.<br>N&aacute;&scaron; agent v&aacute;s bude &#269;oskoro kontaktova&#357;.<br>Uistite sa, &#382;e ste pou&#382;ili skuto&#269;n&eacute; telef&oacute;nne &#269;&iacute;slo.<br>Na zdravie.<\/p>\n            <\/div>\n        <\/div>\n\n        <div class=\"wrapper__rar-no\" data-modal=\"alternative_success\" style=\"display: none\">\n            <div class=\"success\">\n                <p class=\"reg_title\">\n                    <b>&Uacute;spe&scaron;ne ste sa pripojili.<\/b>\n                <\/p>\n                <p>Zamestnanec spolo&#269;nosti v&aacute;s &#269;oskoro skontaktuje. Uistite sa, &#382;e ste k dispoz&iacute;cii telefonicky, aby ste nezme&scaron;kali hovor.<\/p>\n            <\/div>\n        <\/div>\n\n        <div class=\"wrapper__error\" data-modal=\"error\" style=\"display: none\"><\/div>\n    <\/form>\n<\/div><div class=\"submit-overlay\" style=\"display: none;\">\n    <div class=\"lds-spinner\">\n        <div><\/div>\n        <div><\/div>\n        <div><\/div>\n        <div><\/div>\n        <div><\/div>\n        <div><\/div>\n        <div><\/div>\n        <div><\/div>\n    <\/div>\n    <p class=\"overlay-text\">Spoj&iacute;me v&aacute;s s najlep&scaron;&iacute;m makl&eacute;rom vo va&scaron;ej oblasti<\/p>\n<\/div>\n\n\n<\/div><\/div>\n<\/div>\n<\/div><\/div><div class=\"gb-container gb-container-27f9bca9\">\n<div class=\"gb-container gb-container-85f08de5\">\n\n<h2 class=\"gb-headline gb-headline-7b7a00b9 gb-headline-text\">Po&#271;me spolu zmen&scaron;i&#357; rozdelenie bohatstva!<\/h2>\n\n\n\n<p>Zamysleli ste sa niekedy nad t&yacute;m, pre&#269;o aj napriek obrovskej technologickej revol&uacute;cii a mnoh&yacute;m dostupn&yacute;m finan&#269;n&yacute;m pr&iacute;le&#382;itostiam st&aacute;le existuje obrovsk&aacute; priepas&#357; medzi bohat&yacute;mi a chudobn&yacute;mi? No vieme pre&#269;o.<\/p>\n\n\n\n<p>Je to preto, &#382;e ka&#382;d&yacute; de&#328; s&uacute; &#318;udia vynechan&iacute;. Tradi&#269;ne je ve&#318;mi &#357;a&#382;k&eacute; za&#269;a&#357; obchodova&#357;, ale s digit&aacute;lnymi akt&iacute;vami a kryptomenami je ove&#318;a jednoduch&scaron;ie prekona&#357; tradi&#269;n&eacute; prek&aacute;&#382;ky. Medzi tieto prek&aacute;&#382;ky patria smie&scaron;ne vysok&eacute; poplatky, neopodstatnen&eacute; &uacute;verov&eacute; kontroly a finan&#269;n&aacute; terminol&oacute;gia, ktor&uacute; je &#269;asto &#357;a&#382;k&eacute; rozl&uacute;&scaron;ti&#357;. Tak&#382;e &ndash; KW_00002 je tu, aby to v&scaron;etko zmenil &ndash; umo&#382;&#328;uje ka&#382;d&eacute;mu, kto chce, pr&iacute;stup k sektoru obchodovania s kryptomenami. Neexistuj&uacute; &#382;iadne otv&aacute;racie a zatv&aacute;racie &#269;asy, &#382;iadne hranice va&scaron;ej obchodnej cesty a &#382;iadne izmy. Sta&#269;&iacute; sa <a href=\"https:\/\/500intal.trade\/sk\/\" data-type=\"page\" data-id=\"816\">zaregistrova&#357; tu<\/a> , spoji&#357; sa s renomovan&yacute;m a d&ocirc;veryhodn&yacute;m makl&eacute;rom vo va&scaron;om regi&oacute;ne a otvori&#357; si br&aacute;nu k finan&#269;n&eacute;mu &uacute;spechu. Vyu&#382;ite pr&iacute;le&#382;itos&#357; potenci&aacute;lne vytv&aacute;ra&#357; bohatstvo a zabezpe&#269;i&#357; si svoju finan&#269;n&uacute; bud&uacute;cnos&#357;.<\/p>\n\n<\/div>\n<\/div><div class=\"gb-container gb-container-809650d2\"><div class=\"gb-inside-container\">\n<div class=\"gb-container gb-container-f08ce331\"><div class=\"gb-inside-container\">\n<div class=\"gb-button-wrapper gb-button-wrapper-34e3190a\">\n\n<a class=\"gb-button gb-button-1faa415c gb-button-text\" href=\"https:\/\/500intal.trade\/sk\/\">Za&#269;nite obchodova&#357; e&scaron;te dnes<\/a>\n\n<\/div>\n<\/div><\/div>\n<\/div><\/div><div class=\"gb-container gb-container-b27ba6fe\">\n<div class=\"gb-container gb-container-255f7898\">\n\n<h2 class=\"gb-headline gb-headline-f659e5fc gb-headline-text\">Ako sa zaregistrova&#357;<\/h2>\n\n\n\n<p>Registr&aacute;cia na KW_00003 je jednoduch&aacute;, postupujte pod&#318;a t&yacute;chto krokov:<\/p>\n\n\n<div class=\"gb-grid-wrapper gb-grid-wrapper-74da678c\">\n<div class=\"gb-grid-column gb-grid-column-f7a20b44\"><div class=\"gb-container gb-container-f7a20b44\"><div class=\"gb-inside-container\">\n<div class=\"gb-grid-wrapper gb-grid-wrapper-a3685fee\">\n<div class=\"gb-grid-column gb-grid-column-218da830\"><div class=\"gb-container gb-container-218da830\"><div class=\"gb-inside-container\">\n<div class=\"wp-block-image is-style-rounded\">\n<figure class=\"aligncenter size-full\"><img loading=\"lazy\" decoding=\"async\" width=\"112\" height=\"112\" src=\"https:\/\/500intal.trade\/wp-content\/uploads\/2023\/02\/google-112x112-1.png\" alt=\"500intal trade google\" class=\"wp-image-1530\" title=\"\"><\/figure>\n<\/div>\n<\/div><\/div><\/div>\n\n<div class=\"gb-grid-column gb-grid-column-aa2a8f08\"><div class=\"gb-container gb-container-aa2a8f08\"><div class=\"gb-inside-container\">\n\n<p class=\"gb-headline gb-headline-23f0b2e6 gb-headline-text\">Krok 1<\/p>\n\n\n\n<p class=\"gb-headline gb-headline-7c2e1eff gb-headline-text\">PRIHL&Aacute;SI&#356; SE<\/p>\n\n<\/div><\/div><\/div>\n<\/div>\n\n\n<p class=\"gb-headline gb-headline-1a1644be gb-headline-text\">V&aacute;&scaron; &uacute;&#269;et KW_00002 je &uacute;plne ZADARMO, sta&#269;&iacute; sa zaregistrova&#357; a ke&#271; tak urob&iacute;te, okam&#382;ite v&aacute;s spoj&iacute;me s d&ocirc;veryhodn&yacute;m makl&eacute;rom vo va&scaron;ej krajine. Tento makl&eacute;r je navrhnut&yacute; tak, aby pracoval v synergii s va&scaron;imi po&#382;iadavkami a pom&ocirc;&#382;e v&aacute;m za&#269;a&#357; na va&scaron;ej obchodnej ceste. Na&scaron;e slu&#382;by v&#382;dy zameriavame na potreby na&scaron;ich z&aacute;kazn&iacute;kov. <a href=\"https:\/\/500intal.trade\/sk\/\" data-type=\"page\" data-id=\"816\">Zaregistrujte sa tu<\/a> .<\/p>\n\n<\/div><\/div><\/div>\n\n<div class=\"gb-grid-column gb-grid-column-ceafa2f3\"><div class=\"gb-container gb-container-ceafa2f3\"><div class=\"gb-inside-container\">\n<div class=\"gb-grid-wrapper gb-grid-wrapper-3cb0d1ed\">\n<div class=\"gb-grid-column gb-grid-column-4fccec97\"><div class=\"gb-container gb-container-4fccec97\"><div class=\"gb-inside-container\">\n<div class=\"wp-block-image is-style-rounded\">\n<figure class=\"aligncenter size-full\"><img loading=\"lazy\" decoding=\"async\" width=\"112\" height=\"112\" src=\"https:\/\/500intal.trade\/wp-content\/uploads\/2023\/02\/google-112x112-1.png\" alt=\"500intal trade google\" class=\"wp-image-1530\" title=\"\"><\/figure>\n<\/div>\n<\/div><\/div><\/div>\n\n<div class=\"gb-grid-column gb-grid-column-e852e6f9\"><div class=\"gb-container gb-container-e852e6f9\"><div class=\"gb-inside-container\">\n\n<p class=\"gb-headline gb-headline-cbf25a50 gb-headline-text\">Krok 2<\/p>\n\n\n\n<p class=\"gb-headline gb-headline-493a5559 gb-headline-text\">DAJ SA OVERI&#356;<\/p>\n\n<\/div><\/div><\/div>\n<\/div>\n\n\n<p class=\"gb-headline gb-headline-e451054a gb-headline-text\">&#270;alej v&aacute;s mus&iacute;me overi&#357;. Spr&aacute;vca osobn&eacute;ho &uacute;&#269;tu v&aacute;s bude kontaktova&#357; telefonicky, aby to urobil a uistil sa, &#382;e va&scaron;e &uacute;daje s&uacute; spr&aacute;vne, &#269;&iacute;m je v&aacute;&scaron; &uacute;&#269;et tie&#382; zabezpe&#269;en&yacute;. Pom&ocirc;&#382;u v&aacute;m tie&#382; s orient&aacute;ciou v r&aacute;mci v&aacute;&scaron;ho nov&eacute;ho brokera a jeho slu&#382;bami. Mali by ste si tie&#382; pre&#269;&iacute;ta&#357; zmluvn&eacute; podmienky a vyl&uacute;&#269;enia zodpovednosti svojho makl&eacute;ra. Nejak&eacute; ot&aacute;zky? <a href=\"https:\/\/500intal.trade\/sk\/kontakt\/\" data-type=\"page\" data-id=\"18\">Kliknite na podporu<\/a> .<\/p>\n\n<\/div><\/div><\/div>\n\n<div class=\"gb-grid-column gb-grid-column-870a84df\"><div class=\"gb-container gb-container-870a84df\"><div class=\"gb-inside-container\">\n<div class=\"gb-grid-wrapper gb-grid-wrapper-49a36406\">\n<div class=\"gb-grid-column gb-grid-column-f812496a\"><div class=\"gb-container gb-container-f812496a\"><div class=\"gb-inside-container\">\n<div class=\"wp-block-image is-style-rounded\">\n<figure class=\"aligncenter size-full\"><img loading=\"lazy\" decoding=\"async\" width=\"112\" height=\"112\" src=\"https:\/\/500intal.trade\/wp-content\/uploads\/2023\/02\/google-112x112-1.png\" alt=\"500intal trade google\" class=\"wp-image-1530\" title=\"\"><\/figure>\n<\/div>\n<\/div><\/div><\/div>\n\n<div class=\"gb-grid-column gb-grid-column-534e68e0\"><div class=\"gb-container gb-container-534e68e0\"><div class=\"gb-inside-container\">\n\n<p class=\"gb-headline gb-headline-4501a066 gb-headline-text\">Krok 3<\/p>\n\n\n\n<p class=\"gb-headline gb-headline-00f539d2 gb-headline-text\">AKTIVOVA&#356;!<\/p>\n\n<\/div><\/div><\/div>\n<\/div>\n\n\n<p class=\"gb-headline gb-headline-3e114dd4 gb-headline-text\">Po overen&iacute; u&#382; zost&aacute;va len overi&#357; v&aacute;&scaron; &uacute;&#269;et. Sta&#269;&iacute; vlo&#382;i&#357; minim&aacute;lne 250 $, t&aacute;to suma predstavuje v&aacute;&scaron; obchodn&yacute; kapit&aacute;l. Hne&#271; ako to urob&iacute;te, ste pripraven&iacute; &iacute;s&#357;. M&ocirc;&#382;ete za&#269;a&#357; obchodova&#357; s kryptomenami, FOREXom, drah&yacute;mi kovmi, komoditami, digit&aacute;lnymi akt&iacute;vami a &#271;al&scaron;&iacute;mi, a to v&scaron;etko v&#271;aka ofici&aacute;lnej webovej str&aacute;nke KW_00002 . Neexistuje &#382;iadny sp&ocirc;sob, ako KW_00003 je podvod, je to jedna z najlep&scaron;&iacute;ch affiliate marketingov&yacute;ch spolo&#269;nost&iacute; pre digit&aacute;lne akt&iacute;va a financie na svete!<\/p>\n\n<\/div><\/div><\/div>\n<\/div>\n<\/div>\n<\/div><div class=\"gb-container gb-container-d581fd43\"><div class=\"gb-inside-container\">\n<div class=\"gb-container gb-container-22bec60d\"><div class=\"gb-inside-container\">\n<div class=\"gb-button-wrapper gb-button-wrapper-4a52d15c\">\n\n<a class=\"gb-button gb-button-ada71fb6 gb-button-text\" href=\"https:\/\/500intal.trade\/sk\/\">Otvorte svoj &uacute;&#269;et tu<\/a>\n\n<\/div>\n<\/div><\/div>\n<\/div><\/div><div class=\"gb-container gb-container-c2933e98\">\n<div class=\"gb-container gb-container-1dbc429b\">\n\n<h2 class=\"gb-headline gb-headline-ca2dc209 gb-headline-text\">Vyu&#382;ite v&scaron;etky v&yacute;hody KW_00001 !<\/h2>\n\n\n\n<ul class=\"wp-block-list\">\n<li>Super r&yacute;chle nastavenie &uacute;&#269;tu!<\/li>\n\n\n\n<li>R&yacute;chle prihl&aacute;senie, dostanete sa priamo k svojmu d&ocirc;veryhodn&eacute;mu makl&eacute;rovi.<\/li>\n\n\n\n<li>&Uacute;plne ZADARMO na pou&#382;itie.<\/li>\n\n\n\n<li>&#381;iadne kontroly kreditu.<\/li>\n\n\n\n<li>&#381;iadne papierovanie.<\/li>\n\n\n\n<li>Bezpe&#269;ne a bezpe&#269;ne, over&iacute;me v&aacute;s za okamih, vy&#382;aduje sa iba raz!<\/li>\n\n\n\n<li>V&aacute;&scaron; vlastn&yacute; &scaron;pecializovan&yacute; mana&#382;&eacute;r &uacute;&#269;tu, ktor&yacute; v&aacute;m zavol&aacute; na overenie a prejde cel&yacute;m procesom. M&aacute;te ot&aacute;zku? Sta&#269;&iacute; sa op&yacute;ta&#357; svojho mana&#382;&eacute;ra osobn&eacute;ho &uacute;&#269;tu alebo kontaktova&#357; na&scaron;u priate&#318;sk&uacute; z&aacute;kazn&iacute;cku podporu.<\/li>\n\n\n\n<li>Mnoho sp&ocirc;sobov platby na v&yacute;ber. V&scaron;etko, &#269;o mus&iacute;te urobi&#357;, je vlo&#382;i&#357; prostriedky na svoj &uacute;&#269;et KW_00003 , len v&aacute;s po&#382;iadame o mal&yacute; vklad vo v&yacute;&scaron;ke 250 USD, aby ste mohli za&#269;a&#357;. Vyberte si preferovan&yacute; sp&ocirc;sob platby a majte svoje financie pod kontrolou.<\/li>\n\n\n\n<li>T&iacute;m z&aacute;kazn&iacute;ckej podpory priamo tu, ktor&yacute; v&aacute;m a na&scaron;im obchodn&yacute;m partnerom pom&ocirc;&#382;e, tie&#382; poskytuje podporu 24 hod&iacute;n denne, 7 dn&iacute; v t&yacute;&#382;dni. Ak potrebujete pom&ocirc;c&#357; s &#269;&iacute;mko&#318;vek, s va&scaron;&iacute;m &uacute;&#269;tom, automatizovan&yacute;mi n&aacute;strojmi, ako za&#269;a&#357; obchodova&#357;, ako urobi&#357; vklad, pochopi&#357; obchodn&uacute; platformu v&aacute;&scaron;ho brokera alebo &#269;oko&#318;vek in&eacute;, sme tu pre v&aacute;s.<\/li>\n\n\n\n<li>Pripojte sa ku komunite obchodn&iacute;kov s digit&aacute;lnymi akt&iacute;vami, ktor&iacute; s&uacute; rovnako nad&scaron;en&iacute; ako vy z dostupn&yacute;ch finan&#269;n&yacute;ch pr&iacute;le&#382;itost&iacute;.  <\/li>\n<\/ul>\n\n\n\n<p><em>V&#381;DY PAM&Auml;TAJTE, &#381;E NEEXISTUJE &#381;IADNA Z&Aacute;RUKA DOSIAHNUTIA ZISKU, PRETO&#381;E TRH JE VOLATILN&Yacute;, ALE T&Aacute;TO VOLATILITA V&Aacute;M D&Aacute;VA OBROVSK&Uacute; PR&Iacute;LE&#381;ITOS&#356; VYU&#381;I&#356; V&Yacute;HODU!<\/em><\/p>\n\n\n\n<p><em>S KW_00003 &ndash; neexistuj&uacute; &#381;IADNE OBMEDZENIA!<\/em><\/p>\n\n\n\n<a class=\"gb-button gb-button-46cbad7f gb-button-text\" href=\"https:\/\/500intal.trade\/sk\/\">Za&#269;nite kliknut&iacute;m sem<\/a>\n\n<\/div>\n<\/div>\n","protected":false},"excerpt":{"rendered":"<p>Prihl&aacute;senie a registr&aacute;cia &ndash; KW_00001 a najnov&scaron;ia verzia KW_00002 Po&#271;me spolu zmen&scaron;i&#357; rozdelenie bohatstva! Zamysleli ste sa niekedy nad t&yacute;m, pre&#269;o aj napriek obrovskej technologickej revol&uacute;cii a mnoh&yacute;m dostupn&yacute;m finan&#269;n&yacute;m pr&iacute;le&#382;itostiam st&aacute;le existuje obrovsk&aacute; priepas&#357; medzi bohat&yacute;mi a chudobn&yacute;mi? No vieme pre&#269;o. Je to preto, &#382;e ka&#382;d&yacute; de&#328; s&uacute; &#318;udia vynechan&iacute;. Tradi&#269;ne je ve&#318;mi &#357;a&#382;k&eacute; &#8230; <a title=\"Prihl\u00e1si\u0165 sa\" class=\"read-more\" href=\"https:\/\/500intal.trade\/sk\/prihlasenie\/\" aria-label=\"Pre\u010d\u00edtajte si viac o Prihl\u00e1si\u0165 sa\">Read more<\/a><\/p>\n","protected":false},"author":1,"featured_media":0,"parent":0,"menu_order":0,"comment_status":"closed","ping_status":"closed","template":"","meta":{"footnotes":""},"class_list":["post-3016","page","type-page","status-publish"],"_links":{"self":[{"href":"https:\/\/500intal.trade\/sk\/wp-json\/wp\/v2\/pages\/3016","targetHints":{"allow":["GET"]}}],"collection":[{"href":"https:\/\/500intal.trade\/sk\/wp-json\/wp\/v2\/pages"}],"about":[{"href":"https:\/\/500intal.trade\/sk\/wp-json\/wp\/v2\/types\/page"}],"author":[{"embeddable":true,"href":"https:\/\/500intal.trade\/sk\/wp-json\/wp\/v2\/users\/1"}],"replies":[{"embeddable":true,"href":"https:\/\/500intal.trade\/sk\/wp-json\/wp\/v2\/comments?post=3016"}],"version-history":[{"count":0,"href":"https:\/\/500intal.trade\/sk\/wp-json\/wp\/v2\/pages\/3016\/revisions"}],"wp:attachment":[{"href":"https:\/\/500intal.trade\/sk\/wp-json\/wp\/v2\/media?parent=3016"}],"curies":[{"name":"wp","href":"https:\/\/api.w.org\/{rel}","templated":true}]}}